{"id":49,"date":"2019-02-01T08:16:26","date_gmt":"2019-02-01T07:16:26","guid":{"rendered":"http:\/\/gitelachayrie.fr\/?page_id=49"},"modified":"2024-03-11T10:24:57","modified_gmt":"2024-03-11T09:24:57","slug":"information","status":"publish","type":"page","link":"https:\/\/gitelachayrie.fr\/index.php\/information\/","title":{"rendered":"Information"},"content":{"rendered":"\n<h2 class=\"wp-block-heading\">Gite en Duplex<\/h2>\n\n\n\n<p>Entr\u00e9e de 10 M2, avec penderie, lave-linge, table \u00e0 repasser + fer,  aspirateur,2 petits meubles, jeux de soci\u00e9t\u00e9 et documentations.<\/p>\n\n\n\n<p>Grande pi\u00e8ce \u00e0 vivre de 27 M2 avec coin cuisine tout am\u00e9nag\u00e9 :<\/p>\n\n\n\n<p>Table + chaises + buffet + vaisselle, r\u00e9frig\u00e9rateur\/cong\u00e9lateur,  plaque de cuisson mixte, lave-vaisselle, cafeti\u00e8re + bouilloire  \u00e9lectrique, grille pain, micro-ondes, Four Electrique, \u00e9cran plat et lecteur  DVD + CD , WIFI.<\/p>\n\n\n\n<p>Coin salon : 1 canap\u00e9 + 1 fauteuil + 1 repose pieds , table basse et 2 lampes d&rsquo;ambiance sur petits meubles.<\/p>\n\n\n\n<p>TERRASSE carrel\u00e9e de 28 M2 avec salon de  jardin, balancelle, barbecue, parasols et jeux de plein air.<\/p>\n\n\n\n<p>Salle de bain de 9 M2 avec double vasques, s\u00e8che serviettes , s\u00e8che cheveux douche \u00e0 l\u2019 italienne et W.C.<\/p>\n\n\n\n<p>A l\u2019\u00e9tage, grande chambre de 24 M2 avec lit de 160\u00d7200 + lit BB de  60\u00d7120, bureau, penderie, \u00e9cran plat, convecteur, ventilateur et cabinet  de toilette.<\/p>\n\n\n\n<p>Fourniture des draps et linge de toilette sur demande avec participation.<\/p>\n\n\n\n<p>&#8211; CHAUFFAGE non compris en BASSE SAISON.<\/p>\n\n\n\n<p>&#8211; SEJOUR : TROIS NUITS MINIMUM.<\/p>\n\n\n\n<p>-GITE NON FUMEUR<\/p>\n\n\n\n<p>-ANIMAUX NON ADMIS<\/p>\n\n\n\n<p>-ETABLISSEMENT INCOMPATIBLE POUR PERSONNE HANDICAPEE<\/p>\n\n\n\n<p>PROPRIETE ENTIEREMENT CLOSE de 1 500&nbsp; M2<br><\/p>\n\n\n\n<p>&#8211; V\u00e9hicule stationn\u00e9 sous abri ferm\u00e9.<\/p>\n\n\n\n<p>&#8211; Piscine de 4 x 7 M \u00e0 fond plat, chauff\u00e9e si n\u00e9cessaire de JUIN A SEPTEMBRE. Plage en bois&nbsp; de 50 M2 avec chaises longues, parasols, bou\u00e9es, jeux d&rsquo; ext\u00e9rieurs.<\/p>\n\n\n\n<p>ouverture du g\u00eete&nbsp;&nbsp; :                 AVRIL&nbsp;&nbsp;&nbsp; \/&nbsp;&nbsp;&nbsp; SEPTEMBRE<\/p>\n\n\n\n<p>&nbsp;&nbsp;&nbsp;&nbsp;&nbsp;&nbsp;&nbsp;&nbsp;&nbsp;&nbsp;&nbsp;&nbsp;&nbsp;&nbsp;&nbsp;&nbsp;&nbsp;&nbsp;&nbsp;&nbsp;&nbsp;&nbsp;&nbsp;&nbsp;&nbsp;&nbsp;&nbsp;&nbsp;&nbsp;&nbsp;&nbsp;&nbsp;&nbsp;&nbsp;&nbsp;&nbsp;&nbsp;&nbsp;&nbsp;&nbsp;&nbsp;&nbsp;&nbsp;&nbsp;&nbsp;&nbsp;&nbsp;&nbsp;&nbsp;&nbsp;&nbsp;&nbsp;&nbsp;&nbsp;&nbsp;&nbsp; BASSE SAISON&nbsp; :&nbsp; AVRIL&nbsp;&nbsp; \/&nbsp;&nbsp; MAI<\/p>\n\n\n\n<p>Situation tr\u00e8s touristique (ROCAMADOUR, PADIRAC, ST CIRQ LAPOPIE, FIGEAC\u2026)<\/p>\n","protected":false},"excerpt":{"rendered":"<p>Gite en Duplex Entr\u00e9e de 10 M2, avec penderie, lave-linge, table \u00e0 repasser + fer, aspirateur,2 petits meubles, jeux de soci\u00e9t\u00e9 et documentations. Grande pi\u00e8ce \u00e0 vivre de 27 M2 avec coin cuisine tout am\u00e9nag\u00e9 : Table + chaises + buffet + vaisselle, r\u00e9frig\u00e9rateur\/cong\u00e9lateur, plaque de cuisson mixte, lave-vaisselle, cafeti\u00e8re + bouilloire \u00e9lectrique, grille pain, &hellip; <\/p>\n<p class=\"link-more\"><a href=\"https:\/\/gitelachayrie.fr\/index.php\/information\/\" class=\"more-link\">Continuer la lecture<span class=\"screen-reader-text\"> de &laquo;&nbsp;Information&nbsp;&raquo;<\/span><\/a><\/p>\n","protected":false},"author":1,"featured_media":0,"parent":0,"menu_order":0,"comment_status":"closed","ping_status":"closed","template":"","meta":{"footnotes":""},"class_list":["post-49","page","type-page","status-publish","hentry"],"_links":{"self":[{"href":"https:\/\/gitelachayrie.fr\/index.php\/wp-json\/wp\/v2\/pages\/49","targetHints":{"allow":["GET"]}}],"collection":[{"href":"https:\/\/gitelachayrie.fr\/index.php\/wp-json\/wp\/v2\/pages"}],"about":[{"href":"https:\/\/gitelachayrie.fr\/index.php\/wp-json\/wp\/v2\/types\/page"}],"author":[{"embeddable":true,"href":"https:\/\/gitelachayrie.fr\/index.php\/wp-json\/wp\/v2\/users\/1"}],"replies":[{"embeddable":true,"href":"https:\/\/gitelachayrie.fr\/index.php\/wp-json\/wp\/v2\/comments?post=49"}],"version-history":[{"count":12,"href":"https:\/\/gitelachayrie.fr\/index.php\/wp-json\/wp\/v2\/pages\/49\/revisions"}],"predecessor-version":[{"id":419,"href":"https:\/\/gitelachayrie.fr\/index.php\/wp-json\/wp\/v2\/pages\/49\/revisions\/419"}],"wp:attachment":[{"href":"https:\/\/gitelachayrie.fr\/index.php\/wp-json\/wp\/v2\/media?parent=49"}],"curies":[{"name":"wp","href":"https:\/\/api.w.org\/{rel}","templated":true}]}}