{"id":52,"date":"2019-02-01T08:16:26","date_gmt":"2019-02-01T07:16:26","guid":{"rendered":"http:\/\/gitelachayrie.fr\/?page_id=52"},"modified":"2020-08-17T21:06:04","modified_gmt":"2020-08-17T19:06:04","slug":"tourisme-et-culture","status":"publish","type":"page","link":"https:\/\/gitelachayrie.fr\/index.php\/tourisme-et-culture\/","title":{"rendered":"Tourisme et Culture"},"content":{"rendered":"\n<p>Venez d\u00e9couvrir toutes les richesses de notre beau d\u00e9partement<br> <a href=\"http:\/\/www.tourisme-lot.com\/\">http:\/\/www.tourisme-lot.com\/<\/a><\/p>\n\n\n\n<figure class=\"wp-block-embed-youtube wp-block-embed is-type-video is-provider-youtube wp-embed-aspect-16-9 wp-has-aspect-ratio\"><div class=\"wp-block-embed__wrapper\">\n<iframe loading=\"lazy\" title=\"Le Lot Vu Du Ciel\" width=\"525\" height=\"295\" src=\"https:\/\/www.youtube.com\/embed\/AD7H33xl1j0?feature=oembed\" frameborder=\"0\" allow=\"accelerometer; autoplay; clipboard-write; encrypted-media; gyroscope; picture-in-picture; web-share\" referrerpolicy=\"strict-origin-when-cross-origin\" allowfullscreen><\/iframe>\n<\/div><\/figure>\n\n\n\n<p> Sites incontournables\n\n\n\n&nbsp;\n\n\n\n<\/p>\n\n\n\n<p><strong> Figeac<\/strong><br> Cit\u00e9 de ChampollionAujourd\u2019hui, Figeac est une ville  attractive, ancr\u00e9e dans le monde contemporain. Elle est marqu\u00e9e par des  activit\u00e9s \u00e9conomiques de pointe, <\/p>\n\n\n\n<figure class=\"wp-block-image\"><img loading=\"lazy\" decoding=\"async\" width=\"201\" height=\"152\" src=\"http:\/\/gitelachayrie.fr\/wp-content\/uploads\/2019\/02\/figeac-WE2bd8a88484.jpg\" alt=\"\" class=\"wp-image-39\"\/><figcaption>Ville De <strong>Figeac<\/strong><\/figcaption><\/figure>\n\n\n\n<p><a href=\"http:\/\/www.tourisme-figeac.com\/\">Lien vers le site<\/a><\/p>\n\n\n\n<p><strong>St Cirq Lapopie<\/strong> <\/p>\n\n\n\n<p>Le bourg m\u00e9di\u00e9val de Saint-Cirq Lapopie, qui\n compte 13 monuments historiques est l\u2019un des plus beaux villages de \nFrance. Accroch\u00e9 sur une falaise \u00e0 100 m\u00e8tres au-dessus du Lot, \nSaint-Cirq Lapopie constitue l\u2019un des sites majeurs de la vall\u00e9e du Lot.<\/p>\n\n\n\n<figure class=\"wp-block-image\"><img loading=\"lazy\" decoding=\"async\" width=\"201\" height=\"152\" src=\"http:\/\/gitelachayrie.fr\/wp-content\/uploads\/2019\/02\/saintcyre-WE1e011131ff.jpg\" alt=\"\" class=\"wp-image-46\"\/><figcaption><strong>St Cirq Lapopie<\/strong><\/figcaption><\/figure>\n\n\n\n<p><a href=\"http:\/\/www.saint-cirqlapopie.com\/patrimoine\/decouvrir\">Lien vers le site<\/a><\/p>\n\n\n\n<p><strong> Rocamadour<\/strong><br> La cit\u00e9 sacr\u00e9e est agripp\u00e9e \u00e0 la falaise dans une superposition de  maisons et de chapelles. Du ch\u00e2teau qui couronne cette audacieuse  construction se dessine un \u00e0-pic de quelques 150 m\u00e8tres au fond duquel  serpente la rivi\u00e8re de l\u2019Alzou. \u00a0s\u2019offrent aux visiteurs une fois  gravies les 216 marches de l\u2019escalier des p\u00e8lerins. La chapelle  miraculeuse, l\u2019une des 7 autres chapelles b\u00e2ties au creux du rocher,  abrite son joyau, la Vierge Noire v\u00e9n\u00e9r\u00e9e depuis plus d\u2019un mill\u00e9naire.<br><\/p>\n\n\n\n<figure class=\"wp-block-image\"><img loading=\"lazy\" decoding=\"async\" width=\"201\" height=\"152\" src=\"http:\/\/gitelachayrie.fr\/wp-content\/uploads\/2019\/02\/rocamadour-WEe8c0b62b30.jpg\" alt=\"\" class=\"wp-image-45\"\/><\/figure>\n\n\n\n<p><a href=\"http:\/\/www.tourisme-lot.com\/fr\/124\/pages\/d\/grands-sites-du-lot\/rocamadour\/page\/0\">Lien vers le site<\/a> \u00a0 Des villages d\u2019histoire et de tradition , comme <strong>Carennac<\/strong>, <strong>Autoire<\/strong>, <strong>Loubressac<\/strong>, <strong>St C\u00e9r\u00e9<\/strong>, \u2026 \u00a0 \u00a0 <\/p>\n\n\n\n<p> Nombreuses grottes\n\n\n<\/p>\n\n\n\n<p> Gouffre de Padirac\n\n&nbsp;\n\n&nbsp;\n\n\nCette\n curiosit\u00e9 naturelle pr\u00e9sente l\u2019originalit\u00e9 de d\u00e9boucher sur une longue \nrivi\u00e8re souterraine sur laquelle les touristes peuvent naviguer pour \naller visiter le \u00ab&nbsp;lac de la pluie&nbsp;\u00bb, grande cavit\u00e9 qui est arros\u00e9e en \npermanence par les infiltrations d\u2019eaux de surface.\n\n<\/p>\n\n\n\n<figure class=\"wp-block-image\"><img loading=\"lazy\" decoding=\"async\" width=\"201\" height=\"152\" src=\"http:\/\/gitelachayrie.fr\/wp-content\/uploads\/2019\/02\/padirac-WE3d6989dd2c.jpg\" alt=\"\" class=\"wp-image-41\"\/><figcaption><strong>Gouffre de Padirac<\/strong><\/figcaption><\/figure>\n\n\n\n<p><a href=\"http:\/\/www.gouffre-de-padirac.com\/\">Lien vers le site<\/a><\/p>\n\n\n\n<p> <strong>Grotte de Presques<\/strong> D\u00e9couvertes  en 1825 et am\u00e9nag\u00e9es en 1922, les Grottes de Presque sont situ\u00e9es \u00e0 5  km de Saint-C\u00e9r\u00e9 (Lot), \u00e0 9 km de Padirac et \u00e0 22 km de Rocamadour.\u00a0 <\/p>\n\n\n\n<figure class=\"wp-block-image\"><img loading=\"lazy\" decoding=\"async\" width=\"201\" height=\"152\" src=\"http:\/\/gitelachayrie.fr\/wp-content\/uploads\/2019\/02\/presque-WE3518adb5eb.png\" alt=\"\" class=\"wp-image-43\"\/><figcaption><strong>Grotte de Presques<\/strong><\/figcaption><\/figure>\n\n\n\n<p><a href=\"http:\/\/www.grottesdepresque.com\/\">Lien vers le site<\/a><\/p>\n\n\n\n<p><strong> Grotte de Pech Merle<\/strong> La grotte du Pech Merle est vaste. Sa longueur d\u00e9velopp\u00e9e d\u00e9passe deux kilom\u00e8tres. Les salles ont des volumes importants. <\/p>\n\n\n\n<figure class=\"wp-block-image\"><img loading=\"lazy\" decoding=\"async\" width=\"201\" height=\"152\" src=\"http:\/\/gitelachayrie.fr\/wp-content\/uploads\/2019\/02\/280px-Pech_Merle_main-WE031503c1b7.jpg\" alt=\"\" class=\"wp-image-36\"\/><figcaption><strong>Grotte de Pech Merle<\/strong><\/figcaption><\/figure>\n\n\n\n<p><a href=\"http:\/\/www.pechmerle.com\/\">Lien vers le site<\/a><\/p>\n\n\n\n<p> Gastronomie\n\n\n\n&nbsp;\n\n\n\n<\/p>\n\n\n\n<p> La Truffe\n\n&nbsp;\n\n&nbsp;\n\n\n&nbsp;La\n truffe noire \u00ab&nbsp;tuber melanosporum&nbsp;\u00bb a trois exigences pour se \nd\u00e9velopper : la pr\u00e9sence d\u2019un arbre truffier, un terrain calcaire et un \nclimat \u00e0 tendance m\u00e9diterran\u00e9enne. Ces trois atouts sont r\u00e9unis dans le \nLot qui est un des premiers d\u00e9partements producteurs de France.\n\n<\/p>\n\n\n\n<figure class=\"wp-block-image\"><img loading=\"lazy\" decoding=\"async\" width=\"201\" height=\"152\" src=\"http:\/\/gitelachayrie.fr\/wp-content\/uploads\/2019\/02\/truffe-WE1d59fd1d04.jpg\" alt=\"\" class=\"wp-image-47\"\/><figcaption>La Truffe<\/figcaption><\/figure>\n\n\n\n<p> Le Rocamadour Appel\u00e9  au 15\u00e8me si\u00e8cle le cab\u00e9cou du nom de la ch\u00e8vre qui offrait son lait, ce  petit palet de 35 g affin\u00e9 en cave offre sa peau velout\u00e9e et sa texture  cr\u00e9meuse. A d\u00e9guster sur un toast grill\u00e9, avec du miel, des aubergines,  des \u0153ufs, des noix ou encore de la truffe noire. <\/p>\n\n\n\n<figure class=\"wp-block-image\"><img loading=\"lazy\" decoding=\"async\" width=\"201\" height=\"151\" src=\"http:\/\/gitelachayrie.fr\/wp-content\/uploads\/2019\/02\/rocamadour-2-WE791848e5ed.jpg\" alt=\"\" class=\"wp-image-44\"\/><figcaption>Le Rocamadour<\/figcaption><\/figure>\n\n\n\n<p> L\u2019agneau\n\n&nbsp;C\u2019est\n sur les causses, au milieu des cha\u00eenes, que l\u2019agneau prend toute sa \nsaveur. Un petit go\u00fbt suave et cord\u00e9 \u00e0 la fois qui lui vaut un label \nrouge ainsi qu\u2019un IGP (Une indication g\u00e9ographique de provenance). \n\n\n<\/p>\n\n\n\n<figure class=\"wp-block-image\"><img loading=\"lazy\" decoding=\"async\" width=\"201\" height=\"151\" src=\"http:\/\/gitelachayrie.fr\/wp-content\/uploads\/2019\/02\/L-agneau-WE271a9ae8fb.jpg\" alt=\"\" class=\"wp-image-40\"\/><figcaption>L&rsquo;agneau du Quercy<\/figcaption><\/figure>\n\n\n\n<p>\n\n\n&nbsp;\n\n\n&nbsp;\n\n\n&nbsp;Et bien plus encore \u2026..\n\n\n<\/p>\n","protected":false},"excerpt":{"rendered":"<p>Venez d\u00e9couvrir toutes les richesses de notre beau d\u00e9partement http:\/\/www.tourisme-lot.com\/ Sites incontournables &nbsp; Figeac Cit\u00e9 de ChampollionAujourd\u2019hui, Figeac est une ville attractive, ancr\u00e9e dans le monde contemporain. Elle est marqu\u00e9e par des activit\u00e9s \u00e9conomiques de pointe, Lien vers le site St Cirq Lapopie Le bourg m\u00e9di\u00e9val de Saint-Cirq Lapopie, qui compte 13 monuments historiques est &hellip; <\/p>\n<p class=\"link-more\"><a href=\"https:\/\/gitelachayrie.fr\/index.php\/tourisme-et-culture\/\" class=\"more-link\">Continuer la lecture<span class=\"screen-reader-text\"> de &laquo;&nbsp;Tourisme et Culture&nbsp;&raquo;<\/span><\/a><\/p>\n","protected":false},"author":1,"featured_media":0,"parent":0,"menu_order":0,"comment_status":"closed","ping_status":"closed","template":"","meta":{"footnotes":""},"class_list":["post-52","page","type-page","status-publish","hentry"],"_links":{"self":[{"href":"https:\/\/gitelachayrie.fr\/index.php\/wp-json\/wp\/v2\/pages\/52","targetHints":{"allow":["GET"]}}],"collection":[{"href":"https:\/\/gitelachayrie.fr\/index.php\/wp-json\/wp\/v2\/pages"}],"about":[{"href":"https:\/\/gitelachayrie.fr\/index.php\/wp-json\/wp\/v2\/types\/page"}],"author":[{"embeddable":true,"href":"https:\/\/gitelachayrie.fr\/index.php\/wp-json\/wp\/v2\/users\/1"}],"replies":[{"embeddable":true,"href":"https:\/\/gitelachayrie.fr\/index.php\/wp-json\/wp\/v2\/comments?post=52"}],"version-history":[{"count":4,"href":"https:\/\/gitelachayrie.fr\/index.php\/wp-json\/wp\/v2\/pages\/52\/revisions"}],"predecessor-version":[{"id":342,"href":"https:\/\/gitelachayrie.fr\/index.php\/wp-json\/wp\/v2\/pages\/52\/revisions\/342"}],"wp:attachment":[{"href":"https:\/\/gitelachayrie.fr\/index.php\/wp-json\/wp\/v2\/media?parent=52"}],"curies":[{"name":"wp","href":"https:\/\/api.w.org\/{rel}","templated":true}]}}