{"id":7,"date":"2019-02-01T08:15:04","date_gmt":"2019-02-01T07:15:04","guid":{"rendered":"http:\/\/gitelachayrie.fr\/?page_id=7"},"modified":"2025-02-04T21:22:49","modified_gmt":"2025-02-04T20:22:49","slug":"bienvenue","status":"publish","type":"page","link":"https:\/\/gitelachayrie.fr\/","title":{"rendered":"Bienvenue"},"content":{"rendered":"\n<div class=\"wp-block-columns is-layout-flex wp-container-core-columns-is-layout-9d6595d7 wp-block-columns-is-layout-flex\">\n<div class=\"wp-block-column is-layout-flow wp-block-column-is-layout-flow\" style=\"flex-basis:50%\">\n<div class=\"wp-block-group\"><div class=\"wp-block-group__inner-container is-layout-constrained wp-block-group-is-layout-constrained\">\n<figure class=\"wp-block-image size-large\"><img loading=\"lazy\" decoding=\"async\" width=\"1024\" height=\"1024\" src=\"https:\/\/gitelachayrie.fr\/wp-content\/uploads\/2025\/02\/Digital-Award-TRA-2025-1024x1024.png\" alt=\"\" class=\"wp-image-425\" srcset=\"https:\/\/gitelachayrie.fr\/wp-content\/uploads\/2025\/02\/Digital-Award-TRA-2025-1024x1024.png 1024w, https:\/\/gitelachayrie.fr\/wp-content\/uploads\/2025\/02\/Digital-Award-TRA-2025-300x300.png 300w, https:\/\/gitelachayrie.fr\/wp-content\/uploads\/2025\/02\/Digital-Award-TRA-2025-150x150.png 150w, https:\/\/gitelachayrie.fr\/wp-content\/uploads\/2025\/02\/Digital-Award-TRA-2025-768x768.png 768w, https:\/\/gitelachayrie.fr\/wp-content\/uploads\/2025\/02\/Digital-Award-TRA-2025-100x100.png 100w, https:\/\/gitelachayrie.fr\/wp-content\/uploads\/2025\/02\/Digital-Award-TRA-2025.png 1080w\" sizes=\"auto, (max-width: 767px) 89vw, (max-width: 1000px) 54vw, (max-width: 1071px) 543px, 580px\" \/><\/figure>\n<\/div><\/div>\n<\/div>\n\n\n\n<div class=\"wp-block-column is-layout-flow wp-block-column-is-layout-flow\" style=\"flex-basis:50%\">\n<p><strong>GITE REFERENCE SUR :&nbsp;&nbsp;<\/strong><\/p>\n\n\n\n<p><strong>BOOKING.COM<\/strong><\/p>\n\n\n\n<p><strong>LE BON COIN<\/strong><\/p>\n\n\n\n<p><strong>LOT&nbsp; TOURISME\/OFFICE DE TOURISME&nbsp; FIGEAC<\/strong>    <strong> <\/strong><\/p>\n\n\n\n<p><strong>&nbsp; GOOGLE<\/strong><\/p>\n<\/div>\n<\/div>\n\n\n\n<div class=\"entry-content\">\n<p><strong>Fran\u00e7oise STERKE sera heureuse de vous accueillir dans son g\u00eete.<\/strong><\/p>\n<p><strong>T\u00e9l&nbsp;: +33\/ 06 10 24 05 53&nbsp;&nbsp;&nbsp;&nbsp;&nbsp;<\/strong> <a href=\"mailto:lachayrie@gmail.com\">lachayrie@gmail.com<\/a><\/p>\n<p>G\u00eete de caract\u00e8re, dans une grange enti\u00e8rement restaur\u00e9e en 2013, cadre champ\u00eatre, tr\u00e8s calme, dans un village avec tous commerces et ch\u00e2teau m\u00e9di\u00e9val.<br>D\u00e9couvrez donc d\u00e8s \u00e0 pr\u00e9sent le Poulailler de Lachayrie !<\/p>\n<\/div>\n","protected":false},"excerpt":{"rendered":"<p>GITE REFERENCE SUR :&nbsp;&nbsp; BOOKING.COM LE BON COIN LOT&nbsp; TOURISME\/OFFICE DE TOURISME&nbsp; FIGEAC &nbsp; GOOGLE Fran\u00e7oise STERKE sera heureuse de vous accueillir dans son g\u00eete. T\u00e9l&nbsp;: +33\/ 06 10 24 05 53&nbsp;&nbsp;&nbsp;&nbsp;&nbsp; lachayrie@gmail.com G\u00eete de caract\u00e8re, dans une grange enti\u00e8rement restaur\u00e9e en 2013, cadre champ\u00eatre, tr\u00e8s calme, dans un village avec tous commerces et ch\u00e2teau &hellip; <\/p>\n<p class=\"link-more\"><a href=\"https:\/\/gitelachayrie.fr\/\" class=\"more-link\">Continuer la lecture<span class=\"screen-reader-text\"> de &laquo;&nbsp;Bienvenue&nbsp;&raquo;<\/span><\/a><\/p>\n","protected":false},"author":1,"featured_media":0,"parent":0,"menu_order":0,"comment_status":"closed","ping_status":"closed","template":"","meta":{"footnotes":""},"class_list":["post-7","page","type-page","status-publish","hentry"],"_links":{"self":[{"href":"https:\/\/gitelachayrie.fr\/index.php\/wp-json\/wp\/v2\/pages\/7","targetHints":{"allow":["GET"]}}],"collection":[{"href":"https:\/\/gitelachayrie.fr\/index.php\/wp-json\/wp\/v2\/pages"}],"about":[{"href":"https:\/\/gitelachayrie.fr\/index.php\/wp-json\/wp\/v2\/types\/page"}],"author":[{"embeddable":true,"href":"https:\/\/gitelachayrie.fr\/index.php\/wp-json\/wp\/v2\/users\/1"}],"replies":[{"embeddable":true,"href":"https:\/\/gitelachayrie.fr\/index.php\/wp-json\/wp\/v2\/comments?post=7"}],"version-history":[{"count":6,"href":"https:\/\/gitelachayrie.fr\/index.php\/wp-json\/wp\/v2\/pages\/7\/revisions"}],"predecessor-version":[{"id":426,"href":"https:\/\/gitelachayrie.fr\/index.php\/wp-json\/wp\/v2\/pages\/7\/revisions\/426"}],"wp:attachment":[{"href":"https:\/\/gitelachayrie.fr\/index.php\/wp-json\/wp\/v2\/media?parent=7"}],"curies":[{"name":"wp","href":"https:\/\/api.w.org\/{rel}","templated":true}]}}