{"id":9,"date":"2019-02-01T08:16:26","date_gmt":"2019-02-01T07:16:26","guid":{"rendered":"http:\/\/gitelachayrie.fr\/?page_id=9"},"modified":"2024-03-11T10:31:58","modified_gmt":"2024-03-11T09:31:58","slug":"contact","status":"publish","type":"page","link":"https:\/\/gitelachayrie.fr\/index.php\/contact\/","title":{"rendered":"Contact"},"content":{"rendered":"\n<p>Fran\u00e7oise Sterke<\/p>\n\n\n\n<p><strong>Adresse<\/strong><br> 22 Impasse des Pr\u00e9s<br> 46120, Lacapelle-Marival<\/p>\n\n\n\n<p>ouverture du g\u00eete&nbsp;&nbsp; : AVRIL&nbsp;&nbsp;&nbsp; \/&nbsp;&nbsp;&nbsp; SEPTEMBRE<\/p>\n\n\n\n<p>&nbsp;&nbsp;&nbsp;&nbsp;&nbsp;&nbsp;&nbsp;&nbsp;&nbsp;&nbsp;&nbsp;&nbsp;&nbsp;&nbsp;&nbsp;&nbsp;&nbsp;&nbsp;&nbsp;&nbsp;&nbsp;&nbsp;&nbsp;&nbsp;&nbsp;&nbsp;&nbsp;&nbsp;&nbsp;&nbsp;&nbsp;&nbsp;&nbsp;&nbsp;&nbsp;&nbsp;&nbsp;&nbsp;     BASSE SAISON&nbsp; :&nbsp; AVRIL&nbsp;&nbsp; \/&nbsp;&nbsp; MAI<\/p>\n\n\n\n<p><strong>&nbsp; Pour le d\u00e9tail des tarifs prendre contact avec le propri\u00e9taire<\/strong><\/p>\n\n\n\n<p><br><\/p>\n\n\n\n<h2 class=\"wp-block-heading\">Formulaire de contact<br><\/h2>\n\n\n\t\t\t<link rel=\"stylesheet\" property=\"stylesheet\" href=\"https:\/\/gitelachayrie.fr\/wp-content\/plugins\/happyforms\/bundles\/css\/frontend.css\" \/>\n\t\t\t\t<!-- HappyForms CSS variables -->\n\t<style>\n\t#happyforms-176 {\n\t\t--happyforms-part-title-font-size: 16px;\n--happyforms-part-description-font-size: 14px;\n--happyforms-part-value-font-size: 16px;\n--happyforms-submit-button-font-size: 18px;\n--happyforms-color-primary: #000000;\n--happyforms-color-success-notice: #ebf9f0;\n--happyforms-color-success-notice-text: #1eb452;\n--happyforms-color-error: #ff7550;\n--happyforms-color-error-notice: #ffeeea;\n--happyforms-color-error-notice-text: #f23000;\n--happyforms-color-part-title: #000000;\n--happyforms-color-part-value: #000000;\n--happyforms-color-part-placeholder: #888888;\n--happyforms-color-part-description: #454545;\n--happyforms-color-part-border: #dbdbdb;\n--happyforms-color-part-border-focus: #407fff;\n--happyforms-color-part-background: #ffffff;\n--happyforms-color-part-background-focus: #ffffff;\n--happyforms-color-submit-background: #407fff;\n--happyforms-color-submit-background-hover: #3567cc;\n--happyforms-color-submit-border: transparent;\n--happyforms-color-submit-text: #ffffff;\n--happyforms-color-submit-text-hover: #ffffff;\n--happyforms-color-table-row-odd: #fcfcfc;\n--happyforms-color-table-row-even: #efefef;\n--happyforms-color-table-row-odd-text: #000000;\n--happyforms-color-table-row-even-text: #000000;\n--happyforms-color-dropdown-item-bg: #ffffff;\n--happyforms-color-dropdown-item-text: #000000;\n--happyforms-color-dropdown-item-bg-hover: #dbdbdb;\n--happyforms-color-dropdown-item-text-hover: #000000;\n--happyforms-color-divider-hr: #cccccc;\n--happyforms-color-choice-checkmark-bg: #ffffff;\n--happyforms-color-choice-checkmark-bg-focus: #000000;\n--happyforms-color-choice-checkmark-color: #ffffff;\n\t}\n\t<\/style>\n\t<!-- End of HappyForms CSS variables -->\n\t\t<!-- HappyForms Additional CSS -->\n\t<style data-happyforms-additional-css>\n\t\t<\/style>\n\t<!-- End of HappyForms Additional CSS -->\n\t\t\t<link rel=\"stylesheet\" type=\"text\/css\" href=\"https:\/\/gitelachayrie.fr\/wp-content\/plugins\/happyforms\/core\/assets\/css\/no-interaction.css\">\n\t\t<div class=\"happyforms-form happyforms-styles happyforms-form--submit-button-border-hide happyforms-form--submit-button-border-radius-pill happyforms-form--submit-button-padding-narrow happyforms-form--submit-button-align-center\" id=\"happyforms-176\">\n\t\t\n\t<form action=\"\" id=\"happyforms-form-176\" method=\"post\" novalidate=\"true\" autocomplete=\"off\">\n\t\t\t\t<input type=\"hidden\" name=\"happyforms_random_seed\" value=\"2236138259\" \/>\n\t\t\n\t\t\t<input type=\"hidden\" name=\"action\" value=\"happyforms_message\">\n\t\t\t\t<input type=\"hidden\" name=\"client_referer\" value=\"\">\n\t\t\t\t<input type=\"hidden\" name=\"current_post_id\" value=\"\">\n\t\t\t\t<input type=\"hidden\" name=\"happyforms_form_id\" value=\"176\" \/>\n\t\t\t\t<input type=\"hidden\" name=\"happyforms_step\" value=\"0\" \/>\n\t\n\t\t<div class=\"happyforms-flex\">\n\t\t\t\t<label for=\"176-single_line_text\" class=\"screen-reader-text\">Leave this field blank<\/label>\n\t<input type=\"text\" id=\"176-single_line_text\" name=\"176-single_line_text\" style=\"display: none;\" tabindex=\"-1\" autocomplete=\"off\" aria-hidden=\"true\">\n\t\t\t\t\t\t\t\t\t\t<div class=\"happyforms-form__part happyforms-part happyforms-part--single_line_text happyforms-part--width-full happyforms-part--label-above\" id=\"happyforms-176_single_line_text_1-part\" data-happyforms-type=\"single_line_text\" data-happyforms-id=\"single_line_text_1\" data-happyforms-required=\"\">\n\t<div class=\"happyforms-part-wrap\">\n\t\t\n\t\t\t\t\t\t<div class=\"happyforms-part__label-container\">\n\t\t\t\t<label for=\"happyforms-176_single_line_text_1\" class=\"happyforms-part__label\">\n\t\t\t<span class=\"label\">Nom*<\/span>\n\t\t\t\t\t\t\t\t\t\t<span class=\"happyforms-required\"><\/span>\n\t\t\t\t\t\t\t\t\t\t<span class=\"happyforms-optional\">(optional)<\/span>\n\t\t\t\t\t<\/label>\n\t\t\t<\/div>\n\t\t\t\n\t\t\n\t\t<div class=\"happyforms-part__el\">\n\t\t\t\n\t\t\t\n\t\t\t<div class=\"happyforms-input\">\n\t\t\t\t\n\t\t\t\t<input id=\"happyforms-176_single_line_text_1\" type=\"text\" name=\"176_single_line_text_1\" value=\"\" placeholder=\"\" autocomplete=\"off\" spellcheck=\"false\"  autocorrect=\"off\" \/>\n\t\t\t\t\t\t\t<\/div>\n\n\t\t\t\n\t\t\t\n\t\t\t\t\t<\/div>\n\t<\/div>\n<\/div>\n<div class=\"happyforms-form__part happyforms-part happyforms-part--single_line_text happyforms-part--width-full happyforms-part--label-above\" id=\"happyforms-176_single_line_text_2-part\" data-happyforms-type=\"single_line_text\" data-happyforms-id=\"single_line_text_2\" data-happyforms-required=\"\">\n\t<div class=\"happyforms-part-wrap\">\n\t\t\n\t\t\t\t\t\t<div class=\"happyforms-part__label-container\">\n\t\t\t\t<label for=\"happyforms-176_single_line_text_2\" class=\"happyforms-part__label\">\n\t\t\t<span class=\"label\">Pr\u00e9nom*<\/span>\n\t\t\t\t\t\t\t\t\t\t<span class=\"happyforms-required\"><\/span>\n\t\t\t\t\t\t\t\t\t\t<span class=\"happyforms-optional\">(optional)<\/span>\n\t\t\t\t\t<\/label>\n\t\t\t<\/div>\n\t\t\t\n\t\t\n\t\t<div class=\"happyforms-part__el\">\n\t\t\t\n\t\t\t\n\t\t\t<div class=\"happyforms-input\">\n\t\t\t\t\n\t\t\t\t<input id=\"happyforms-176_single_line_text_2\" type=\"text\" name=\"176_single_line_text_2\" value=\"\" placeholder=\"\" autocomplete=\"off\" spellcheck=\"false\"  autocorrect=\"off\" \/>\n\t\t\t\t\t\t\t<\/div>\n\n\t\t\t\n\t\t\t\n\t\t\t\t\t<\/div>\n\t<\/div>\n<\/div>\n<div class=\"happyforms-part--with-autocomplete happyforms-form__part happyforms-part happyforms-part--email happyforms-part--width-full happyforms-part--label-above\" id=\"happyforms-176_email_6-part\" data-happyforms-type=\"email\" data-happyforms-id=\"email_6\" data-happyforms-required=\"\">\n\t\t<div class=\"happyforms-part-wrap\">\n\t\t\t\t\t\t<div class=\"happyforms-part__label-container\">\n\t\t\t\t<label for=\"happyforms-176_email_6\" class=\"happyforms-part__label\">\n\t\t\t<span class=\"label\">Email*<\/span>\n\t\t\t\t\t\t\t\t\t\t<span class=\"happyforms-required\"><\/span>\n\t\t\t\t\t\t\t\t\t\t<span class=\"happyforms-optional\">(optional)<\/span>\n\t\t\t\t\t<\/label>\n\t\t\t<\/div>\n\t\t\t\n\t\t\n\t\t<div class=\"happyforms-part__el\">\n\t\t\t\n\t\t\t\n\t\t\t<div class=\"happyforms-input\">\n\t\t\t\t<input type=\"email\" name=\"176_email_6\" id=\"happyforms-176_email_6\" value=\"\" placeholder=\"\" autocomplete=\"off\" spellcheck=\"false\"  autocorrect=\"off\" \/>\n\t\t\t\t\t\t\t<\/div>\n\n\t\t\t\n\t\t\t\n\t\t\t\t\t<\/div>\n\t<\/div>\n<\/div>\n<div class=\"happyforms-form__part happyforms-part happyforms-part--multi_line_text happyforms-part--width-full happyforms-part--label-above\" id=\"happyforms-176_multi_line_text_5-part\" data-happyforms-type=\"multi_line_text\" data-happyforms-id=\"multi_line_text_5\" data-happyforms-required=\"\">\n\t<div class=\"happyforms-part-wrap\">\n\t\t\t\t\t\t<div class=\"happyforms-part__label-container\">\n\t\t\t\t<label for=\"happyforms-176_multi_line_text_5\" class=\"happyforms-part__label\">\n\t\t\t<span class=\"label\">information ou demande*<\/span>\n\t\t\t\t\t\t\t\t\t\t<span class=\"happyforms-required\"><\/span>\n\t\t\t\t\t\t\t\t\t\t<span class=\"happyforms-optional\">(optional)<\/span>\n\t\t\t\t\t<\/label>\n\t\t\t<\/div>\n\t\t\t\n\t\t\n\t\t<div class=\"happyforms-part__el\">\n\t\t\t\n\t\t\t\t\t\t<textarea id=\"happyforms-176_multi_line_text_5\" name=\"176_multi_line_text_5\" rows=\"5\" placeholder=\"\" autocomplete=\"off\" spellcheck=\"false\" autocorrect=\"off\" ><\/textarea>\n\t\t\t\n\t\t\t\n\t\t\t\t\t<\/div>\n\t<\/div>\n<\/div>\n\t\t\t\t\t\t<div class=\"happyforms-form__part happyforms-part happyforms-part--submit\">\n\t\t<button type=\"submit\" class=\"happyforms-submit happyforms-button--submit \">Envoy\u00e9<\/button>\n\t<\/div>\t\t<\/div>\n\n\t\t\t<\/form>\n\n\t<\/div>\n\n","protected":false},"excerpt":{"rendered":"<p>Fran\u00e7oise Sterke Adresse 22 Impasse des Pr\u00e9s 46120, Lacapelle-Marival ouverture du g\u00eete&nbsp;&nbsp; : AVRIL&nbsp;&nbsp;&nbsp; \/&nbsp;&nbsp;&nbsp; SEPTEMBRE &nbsp;&nbsp;&nbsp;&nbsp;&nbsp;&nbsp;&nbsp;&nbsp;&nbsp;&nbsp;&nbsp;&nbsp;&nbsp;&nbsp;&nbsp;&nbsp;&nbsp;&nbsp;&nbsp;&nbsp;&nbsp;&nbsp;&nbsp;&nbsp;&nbsp;&nbsp;&nbsp;&nbsp;&nbsp;&nbsp;&nbsp;&nbsp;&nbsp;&nbsp;&nbsp;&nbsp;&nbsp;&nbsp; BASSE SAISON&nbsp; :&nbsp; AVRIL&nbsp;&nbsp; \/&nbsp;&nbsp; MAI &nbsp; Pour le d\u00e9tail des tarifs prendre contact avec le propri\u00e9taire Formulaire de contact<\/p>\n","protected":false},"author":1,"featured_media":0,"parent":0,"menu_order":0,"comment_status":"closed","ping_status":"closed","template":"","meta":{"footnotes":""},"class_list":["post-9","page","type-page","status-publish","hentry"],"_links":{"self":[{"href":"https:\/\/gitelachayrie.fr\/index.php\/wp-json\/wp\/v2\/pages\/9","targetHints":{"allow":["GET"]}}],"collection":[{"href":"https:\/\/gitelachayrie.fr\/index.php\/wp-json\/wp\/v2\/pages"}],"about":[{"href":"https:\/\/gitelachayrie.fr\/index.php\/wp-json\/wp\/v2\/types\/page"}],"author":[{"embeddable":true,"href":"https:\/\/gitelachayrie.fr\/index.php\/wp-json\/wp\/v2\/users\/1"}],"replies":[{"embeddable":true,"href":"https:\/\/gitelachayrie.fr\/index.php\/wp-json\/wp\/v2\/comments?post=9"}],"version-history":[{"count":26,"href":"https:\/\/gitelachayrie.fr\/index.php\/wp-json\/wp\/v2\/pages\/9\/revisions"}],"predecessor-version":[{"id":421,"href":"https:\/\/gitelachayrie.fr\/index.php\/wp-json\/wp\/v2\/pages\/9\/revisions\/421"}],"wp:attachment":[{"href":"https:\/\/gitelachayrie.fr\/index.php\/wp-json\/wp\/v2\/media?parent=9"}],"curies":[{"name":"wp","href":"https:\/\/api.w.org\/{rel}","templated":true}]}}